{"id":10105,"date":"2024-01-23T20:21:35","date_gmt":"2024-01-23T18:21:35","guid":{"rendered":"https:\/\/nou.authline.ro\/?page_id=10105"},"modified":"2026-01-13T13:30:30","modified_gmt":"2026-01-13T11:30:30","slug":"services","status":"publish","type":"page","link":"https:\/\/authline.ro\/page\/services\/","title":{"rendered":"Services"},"content":{"rendered":"<div class=\"wpb-content-wrapper\"><p>[vc_row full_width=&#8221;stretch_row_content_no_spaces&#8221; equal_height=&#8221;yes&#8221; content_placement=&#8221;middle&#8221; woodmart_stretch_content=&#8221;section-stretch-content-no-pd&#8221; css=&#8221;.vc_custom_1709241509663{margin-top: 10px !important;margin-bottom: 0px !important;padding-top: 0px !important;padding-bottom: 0px !important;background-color: #2c2c2c !important;}&#8221; woodmart_css_id=&#8221;65e0f4a16a4ac&#8221; responsive_spacing=&#8221;eyJwYXJhbV90eXBlIjoid29vZG1hcnRfcmVzcG9uc2l2ZV9zcGFjaW5nIiwic2VsZWN0b3JfaWQiOiI2NWUwZjRhMTZhNGFjIiwic2hvcnRjb2RlIjoidmNfcm93IiwiZGF0YSI6eyJ0YWJsZXQiOnt9LCJtb2JpbGUiOnt9fX0=&#8221; mobile_bg_img_hidden=&#8221;no&#8221; tablet_bg_img_hidden=&#8221;no&#8221; woodmart_parallax=&#8221;0&#8243; woodmart_gradient_switch=&#8221;no&#8221; row_reverse_mobile=&#8221;0&#8243; row_reverse_tablet=&#8221;0&#8243; woodmart_disable_overflow=&#8221;0&#8243; woodmart_box_shadow=&#8221;no&#8221; wd_z_index=&#8221;no&#8221;][vc_column width=&#8221;1\/2&#8243; woodmart_css_id=&#8221;65b8b8e36b2b7&#8243; responsive_spacing=&#8221;eyJwYXJhbV90eXBlIjoid29vZG1hcnRfcmVzcG9uc2l2ZV9zcGFjaW5nIiwic2VsZWN0b3JfaWQiOiI2NWI4YjhlMzZiMmI3Iiwic2hvcnRjb2RlIjoidmNfY29sdW1uIiwiZGF0YSI6eyJ0YWJsZXQiOnt9LCJtb2JpbGUiOnt9fX0=&#8221; parallax_scroll=&#8221;no&#8221; mobile_bg_img_hidden=&#8221;no&#8221; tablet_bg_img_hidden=&#8221;no&#8221; woodmart_parallax=&#8221;0&#8243; woodmart_sticky_column=&#8221;false&#8221; mobile_reset_margin=&#8221;no&#8221; tablet_reset_margin=&#8221;no&#8221; wd_collapsible_content_switcher=&#8221;no&#8221; wd_column_role_offcanvas_desktop=&#8221;no&#8221; wd_column_role_offcanvas_tablet=&#8221;no&#8221; wd_column_role_offcanvas_mobile=&#8221;no&#8221; wd_column_role_content_desktop=&#8221;no&#8221; wd_column_role_content_tablet=&#8221;no&#8221; wd_column_role_content_mobile=&#8221;no&#8221; woodmart_box_shadow=&#8221;no&#8221; wd_z_index=&#8221;no&#8221; css=&#8221;.vc_custom_1706604789267{margin-top: 0px !important;margin-bottom: 0px !important;padding-top: 0px !important;padding-bottom: 0px !important;}&#8221;]\t\t<div id=\"wd-65e0f4c194821\" class=\"wd-image wd-wpb wd-rs-65e0f4c194821 text-left \">\n\t\t\t\n\t\t\t<img loading=\"lazy\" decoding=\"async\" width=\"1920\" height=\"2560\" src=\"https:\/\/authline.ro\/page\/wp-content\/uploads\/2024\/02\/authline-interiors-TO-SPACE-cover-1-scaled.jpg\" class=\"attachment-full size-full\" alt=\"\" srcset=\"https:\/\/authline.ro\/page\/wp-content\/uploads\/2024\/02\/authline-interiors-TO-SPACE-cover-1-scaled.jpg 1920w, https:\/\/authline.ro\/page\/wp-content\/uploads\/2024\/02\/authline-interiors-TO-SPACE-cover-1-225x300.jpg 225w, https:\/\/authline.ro\/page\/wp-content\/uploads\/2024\/02\/authline-interiors-TO-SPACE-cover-1-600x800.jpg 600w, https:\/\/authline.ro\/page\/wp-content\/uploads\/2024\/02\/authline-interiors-TO-SPACE-cover-1-768x1024.jpg 768w, https:\/\/authline.ro\/page\/wp-content\/uploads\/2024\/02\/authline-interiors-TO-SPACE-cover-1-1152x1536.jpg 1152w, https:\/\/authline.ro\/page\/wp-content\/uploads\/2024\/02\/authline-interiors-TO-SPACE-cover-1-1536x2048.jpg 1536w, https:\/\/authline.ro\/page\/wp-content\/uploads\/2024\/02\/authline-interiors-TO-SPACE-cover-1-860x1147.jpg 860w, https:\/\/authline.ro\/page\/wp-content\/uploads\/2024\/02\/authline-interiors-TO-SPACE-cover-1-430x573.jpg 430w, https:\/\/authline.ro\/page\/wp-content\/uploads\/2024\/02\/authline-interiors-TO-SPACE-cover-1-700x933.jpg 700w, https:\/\/authline.ro\/page\/wp-content\/uploads\/2024\/02\/authline-interiors-TO-SPACE-cover-1-150x200.jpg 150w\" sizes=\"auto, (max-width: 1920px) 100vw, 1920px\" \/>\n\t\t\t\t\t<\/div>\n\t\t[\/vc_column][vc_column width=&#8221;1\/2&#8243; css=&#8221;.vc_custom_1707141856371{margin-top: 0px !important;margin-bottom: 0px !important;padding-top: 0px !important;padding-right: 5% !important;padding-bottom: 0px !important;padding-left: 5% !important;}&#8221; woodmart_css_id=&#8221;65c0ead683bb3&#8243; responsive_spacing=&#8221;eyJwYXJhbV90eXBlIjoid29vZG1hcnRfcmVzcG9uc2l2ZV9zcGFjaW5nIiwic2VsZWN0b3JfaWQiOiI2NWMwZWFkNjgzYmIzIiwic2hvcnRjb2RlIjoidmNfY29sdW1uIiwiZGF0YSI6eyJ0YWJsZXQiOnt9LCJtb2JpbGUiOnsicGFkZGluZy10b3AiOiIxMHB4IiwicGFkZGluZy1yaWdodCI6IjclIiwicGFkZGluZy1ib3R0b20iOiIxNXB4IiwicGFkZGluZy1sZWZ0IjoiNyUifX19&#8243; parallax_scroll=&#8221;no&#8221; mobile_bg_img_hidden=&#8221;no&#8221; tablet_bg_img_hidden=&#8221;no&#8221; woodmart_parallax=&#8221;0&#8243; woodmart_sticky_column=&#8221;false&#8221; mobile_reset_margin=&#8221;no&#8221; tablet_reset_margin=&#8221;no&#8221; wd_collapsible_content_switcher=&#8221;no&#8221; wd_column_role_offcanvas_desktop=&#8221;no&#8221; wd_column_role_offcanvas_tablet=&#8221;no&#8221; wd_column_role_offcanvas_mobile=&#8221;no&#8221; wd_column_role_content_desktop=&#8221;no&#8221; wd_column_role_content_tablet=&#8221;no&#8221; wd_column_role_content_mobile=&#8221;no&#8221; woodmart_box_shadow=&#8221;no&#8221; wd_z_index=&#8221;no&#8221;]\n\t\t<div id=\"wd-65e0f4a9d4911\" class=\"title-wrapper wd-wpb set-mb-s reset-last-child  wd-rs-65e0f4a9d4911 wd-title-color-default wd-title-style-default text-left vc_custom_1709241520419 wd-width-custom wd-underline-colored\">\n\t\t\t\n\t\t\t<div class=\"liner-continer\">\n\t\t\t\t<h4 class=\"woodmart-title-container title  wd-font-weight- wd-fontsize-l\" >Full Service<br \/>\nArchitecture &amp; Design<\/h4>\n\t\t\t\t\t\t\t<\/div>\n\t\t\t\n\t\t\t\n\t\t\t\n\t\t<\/div>\n\t\t\n\t\t\t\t<div id=\"wd-695839cc43fef\" class=\"wd-text-block wd-wpb reset-last-child wd-rs-695839cc43fef text-left color-scheme-light wd-fontsize-custom \">\n\t\t\t<p data-start=\"146\" data-end=\"325\"><strong data-start=\"149\" data-end=\"171\">Authline<\/strong> ofera servicii complete de design interior, adaptate \u00een totalitate nevoilor tale, astfel \u00eenc\u00e2t tu s\u0103 te po\u021bi concentra pe ceea ce conteaz\u0103 cu adev\u0103rat.<\/p>\n<p data-start=\"327\" data-end=\"518\">Angajamentul nostru merge dincolo de crearea unor spa\u021bii frumoase \u2014 este despre <strong data-start=\"407\" data-end=\"435\">optimizarea timpului t\u0103u<\/strong> \u0219i despre un proces clar, controlat \u0219i eficient, de la concept p\u00e2n\u0103 la finalizare.<\/p>\n<h3 data-start=\"520\" data-end=\"545\">Cum facem acest lucru<\/h3>\n<hr data-start=\"547\" data-end=\"550\" \/>\n<h2 data-start=\"552\" data-end=\"582\">Design interior reziden\u021bial<\/h2>\n<p data-start=\"584\" data-end=\"747\">Serviciile noastre de design interior reziden\u021bial sunt axate pe crearea unor spa\u021bii personalizate, care reflect\u0103 stilul t\u0103u de via\u021b\u0103, nevoile \u0219i preferin\u021bele tale.<\/p>\n<h3 data-start=\"749\" data-end=\"770\">Servicii incluse:<\/h3>\n<p data-start=\"772\" data-end=\"876\"><strong data-start=\"772\" data-end=\"818\">Consultan\u021b\u0103 ini\u021bial\u0103 &amp; briefing de proiect<\/strong><br data-start=\"818\" data-end=\"821\" \/>Analiz\u0103m nevoile, dorin\u021bele \u0219i obiectivele proiectului.<\/p>\n<p data-start=\"878\" data-end=\"967\"><strong data-start=\"878\" data-end=\"908\">Concept de design interior<\/strong><br data-start=\"908\" data-end=\"911\" \/>Dezvoltarea conceptului general \u0219i a direc\u021biei estetice.<\/p>\n<p data-start=\"969\" data-end=\"1063\"><strong data-start=\"969\" data-end=\"1000\">Releveu &amp; vizit\u0103 pe \u0219antier<\/strong><br data-start=\"1000\" data-end=\"1003\" \/>M\u0103sur\u0103tori, analiz\u0103 tehnic\u0103 \u0219i evaluarea spa\u021biului existent.<\/p>\n<p data-start=\"1065\" data-end=\"1166\"><strong data-start=\"1065\" data-end=\"1110\">Compartimentare &amp; planificare func\u021bional\u0103<\/strong><br data-start=\"1110\" data-end=\"1113\" \/>Planuri de mobilare \u0219i organizare optim\u0103 a spa\u021biului.<\/p>\n<p data-start=\"1168\" data-end=\"1281\"><strong data-start=\"1168\" data-end=\"1208\">Selec\u021bie materiale, culori &amp; texturi (mooadboard -styleboard)<\/strong><br data-start=\"1208\" data-end=\"1211\" \/>Alegerea finisajelor potrivite pentru un rezultat coerent \u0219i armonios.<\/p>\n<p data-start=\"1283\" data-end=\"1395\"><strong data-start=\"1283\" data-end=\"1315\">Cercetare &amp; selec\u021bie produse<\/strong><br data-start=\"1315\" data-end=\"1318\" \/>Identificarea mobilierului, corpurilor de iluminat \u0219i elementelor decorative.<\/p>\n<p data-start=\"1397\" data-end=\"1503\"><strong data-start=\"1397\" data-end=\"1435\">Personalizare &amp; dezvoltare concept<\/strong><br data-start=\"1435\" data-end=\"1438\" \/>Adaptarea designului \u00een func\u021bie de feedback \u0219i cerin\u021be specifice.<\/p>\n<p data-start=\"1505\" data-end=\"1600\"><strong data-start=\"1505\" data-end=\"1532\">Vizualiz\u0103ri 3D realiste<\/strong><br data-start=\"1532\" data-end=\"1535\" \/>Rand\u0103ri fotorealiste pentru o imagine clar\u0103 a rezultatului final.<\/p>\n<p data-start=\"1602\" data-end=\"1726\"><strong data-start=\"1602\" data-end=\"1647\">Documenta\u021bie tehnic\u0103 &amp; dezvoltare proiect<\/strong><br data-start=\"1647\" data-end=\"1650\" \/>Planuri detaliate de pardoseal\u0103 \u0219i tavan, eleva\u021bii, detalii de execu\u021bie etc.<\/p>\n<p data-start=\"1728\" data-end=\"1817\"><strong data-start=\"1728\" data-end=\"1760\">Desene mobilier personalizat<\/strong><br data-start=\"1760\" data-end=\"1763\" \/>Proiectare mobilier custom, adaptat perfect spa\u021biului.<\/p>\n<p data-start=\"1819\" data-end=\"1919\"><strong data-start=\"1819\" data-end=\"1866\">Estimare de cost &amp; BOQ (Bill of Quantities)<\/strong><br data-start=\"1866\" data-end=\"1869\" \/>Liste detaliate cu produse, mobilier \u0219i materiale.<\/p>\n<p data-start=\"1921\" data-end=\"1990\"><strong data-start=\"1921\" data-end=\"1959\">Management financiar al propunerii<\/strong><br data-start=\"1959\" data-end=\"1962\" \/>Control \u0219i optimizare buget.<\/p>\n<hr data-start=\"1992\" data-end=\"1995\" \/>\n<h3 data-start=\"1997\" data-end=\"2022\">Management de proiect<\/h3>\n<p data-start=\"2024\" data-end=\"2147\">Coordon\u0103m \u00eentregul proces, de la concept p\u00e2n\u0103 la implementare, asigur\u00e2nd un design coerent \u0219i o execu\u021bie f\u0103r\u0103 compromisuri:<\/p>\n<ul data-start=\"2149\" data-end=\"2468\">\n<li data-start=\"2149\" data-end=\"2202\">\n<p data-start=\"2151\" data-end=\"2202\">Actualiz\u0103ri periodice privind stadiul proiectului<\/p>\n<\/li>\n<li data-start=\"2203\" data-end=\"2274\">\n<p data-start=\"2205\" data-end=\"2274\">Coordonare cu constructori, furnizori \u0219i al\u021bi speciali\u0219ti implica\u021bi<\/p>\n<\/li>\n<li data-start=\"2275\" data-end=\"2316\">\n<p data-start=\"2277\" data-end=\"2316\">Selec\u021bia \u0219i managementul furnizorilor<\/p>\n<\/li>\n<li data-start=\"2317\" data-end=\"2376\">\n<p data-start=\"2319\" data-end=\"2376\">Vizite pe \u0219antier \u0219i monitorizarea etapelor de execu\u021bie<\/p>\n<\/li>\n<li data-start=\"2377\" data-end=\"2404\">\n<p data-start=\"2379\" data-end=\"2404\">Managementul termenelor<\/p>\n<\/li>\n<li data-start=\"2405\" data-end=\"2468\">\n<p data-start=\"2407\" data-end=\"2468\">Gestionarea situa\u021biilor neprev\u0103zute \u0219i adaptarea solu\u021biilor<\/p>\n<\/li>\n<\/ul>\n<hr data-start=\"2470\" data-end=\"2473\" \/>\n<h3 data-start=\"2475\" data-end=\"2497\">Styling &amp; decorare<\/h3>\n<p data-start=\"2499\" data-end=\"2682\">Momentul final care define\u0219te atmosfera spa\u021biului. Select\u0103m \u0219i pozi\u021bion\u0103m cu aten\u021bie elementele decorative, pentru un interior complet personalizat.<\/p>\n<h3 data-start=\"2684\" data-end=\"2711\">Dezv\u0103luirea proiectului<\/h3>\n<hr data-start=\"2713\" data-end=\"2716\" \/>\n<h2 data-start=\"2718\" data-end=\"2755\">Design interior comercial \/ public<\/h2>\n<p data-start=\"2757\" data-end=\"3058\">\u00cen proiectele comerciale, cre\u0103m spa\u021bii sofisticate care las\u0103 o impresie puternic\u0103 asupra clien\u021bilor, angaja\u021bilor \u0219i vizitatorilor. \u00cen\u021belegerea identit\u0103\u021bii de brand \u0219i a obiectivelor de business ne permite s\u0103 \u00eembin\u0103m func\u021bionalitatea cu estetica, rezult\u00e2nd spa\u021bii care inspir\u0103 \u0219i cresc productivitatea.<\/p>\n<h3 data-start=\"3060\" data-end=\"3083\">Tipuri de proiecte:<\/h3>\n<ul data-start=\"3085\" data-end=\"3176\">\n<li data-start=\"3085\" data-end=\"3106\">\n<p data-start=\"3087\" data-end=\"3106\">Spa\u021bii de birouri<\/p>\n<\/li>\n<li data-start=\"3085\" data-end=\"3106\">\n<p data-start=\"3087\" data-end=\"3106\">HoReCa<\/p>\n<\/li>\n<li data-start=\"3107\" data-end=\"3126\">Retail<\/li>\n<li data-start=\"3127\" data-end=\"3152\">\n<p data-start=\"3129\" data-end=\"3152\">Wellness &amp; healthcare<\/p>\n<\/li>\n<li data-start=\"3153\" data-end=\"3176\">\n<p data-start=\"3155\" data-end=\"3176\">Spatii comerciale<\/p>\n<\/li>\n<\/ul>\n<hr data-start=\"3178\" data-end=\"3181\" \/>\n<h3 data-start=\"3183\" data-end=\"3205\">Cum putem colabora<\/h3>\n<p data-start=\"3207\" data-end=\"3385\"><strong data-start=\"3207\" data-end=\"3231\">Integrarea brandului<\/strong><br data-start=\"3231\" data-end=\"3234\" \/>\u00cen\u021belegem valorile brandului t\u0103u \u0219i le transpunem \u00een designul interior, cre\u00e2nd un spa\u021biu coerent, memorabil \u0219i orientat spre experien\u021ba utilizatorului.<\/p>\n<p data-start=\"3387\" data-end=\"3417\"><strong data-start=\"3387\" data-end=\"3417\">Concept de design interior<\/strong><\/p>\n<p data-start=\"3419\" data-end=\"3450\"><strong data-start=\"3419\" data-end=\"3450\">Releveu &amp; vizit\u0103 pe \u0219antier<\/strong><\/p>\n<p data-start=\"3452\" data-end=\"3497\"><strong data-start=\"3452\" data-end=\"3497\">Planificare func\u021bional\u0103 &amp; layout mobilier<\/strong><\/p>\n<p data-start=\"3499\" data-end=\"3539\"><strong data-start=\"3499\" data-end=\"3539\">Selec\u021bie materiale, culori &amp; texturi<\/strong><\/p>\n<p data-start=\"3541\" data-end=\"3573\"><strong data-start=\"3541\" data-end=\"3573\">Cercetare &amp; selec\u021bie produse<\/strong><\/p>\n<p data-start=\"3575\" data-end=\"3613\"><strong data-start=\"3575\" data-end=\"3613\">Personalizare &amp; dezvoltare concept<\/strong><\/p>\n<p data-start=\"3615\" data-end=\"3642\"><strong data-start=\"3615\" data-end=\"3642\">Vizualiz\u0103ri 3D realiste<\/strong><\/p>\n<p data-start=\"3644\" data-end=\"3689\"><strong data-start=\"3644\" data-end=\"3689\">Documenta\u021bie tehnic\u0103 &amp; dezvoltare proiect<\/strong><\/p>\n<p data-start=\"3691\" data-end=\"3723\"><strong data-start=\"3691\" data-end=\"3723\">Desene mobilier personalizat<\/strong><\/p>\n<p data-start=\"3725\" data-end=\"3751\"><strong data-start=\"3725\" data-end=\"3751\">Estimare de cost &amp; BOQ<\/strong><\/p>\n<p data-start=\"3753\" data-end=\"3791\"><strong data-start=\"3753\" data-end=\"3791\">Management financiar al propunerii<\/strong><\/p>\n<hr data-start=\"3793\" data-end=\"3796\" \/>\n<h3 data-start=\"3798\" data-end=\"3823\">Management de proiect<\/h3>\n<ul data-start=\"3825\" data-end=\"4132\">\n<li data-start=\"3825\" data-end=\"3873\">\n<p data-start=\"3827\" data-end=\"3873\">Actualiz\u0103ri constante \u0219i aprob\u0103ri pe parcurs<\/p>\n<\/li>\n<li data-start=\"3874\" data-end=\"3910\">\n<p data-start=\"3876\" data-end=\"3910\">Coordonare cu echipele implicate<\/p>\n<\/li>\n<li data-start=\"3911\" data-end=\"3948\">\n<p data-start=\"3913\" data-end=\"3948\">Management furnizori \u0219i materiale<\/p>\n<\/li>\n<li data-start=\"3949\" data-end=\"3999\">\n<p data-start=\"3951\" data-end=\"3999\">Monitorizarea execu\u021biei prin vizite pe \u0219antier<\/p>\n<\/li>\n<li data-start=\"4000\" data-end=\"4027\">\n<p data-start=\"4002\" data-end=\"4027\">Managementul termenelor<\/p>\n<\/li>\n<li data-start=\"4028\" data-end=\"4067\">\n<p data-start=\"4030\" data-end=\"4067\">Gestionarea situa\u021biilor neprev\u0103zute<\/p>\n<\/li>\n<li data-start=\"4068\" data-end=\"4132\">\n<p data-start=\"4070\" data-end=\"4132\">Verificarea conformit\u0103\u021bii cu standardele de design stabilite<\/p>\n<\/li>\n<\/ul>\n<hr data-start=\"4134\" data-end=\"4137\" \/>\n<h3 data-start=\"4139\" data-end=\"4161\">Styling &amp; decorare<\/h3>\n<p data-start=\"4163\" data-end=\"4295\">Definim atmosfera final\u0103 a spa\u021biului printr-o selec\u021bie atent\u0103 de elemente decorative, aliniate conceptului \u0219i identit\u0103\u021bii brandului.<\/p>\n<h3 data-start=\"4297\" data-end=\"4323\">\u00cenchiderea proiectului<\/h3>\n<hr data-start=\"4325\" data-end=\"4328\" \/>\n<p data-start=\"4330\" data-end=\"4367\"><strong data-start=\"4330\" data-end=\"4367\">Aceasta nu este o ofert\u0103 public\u0103.<\/strong><\/p>\n<p data-start=\"4369\" data-end=\"4509\">Pentru mai multe informa\u021bii despre modul \u00een care putem personaliza serviciile \u0219i colabora la urm\u0103torul t\u0103u proiect, ne po\u021bi contacta direct.<\/p>\n\t\t<\/div>\n\t\t[\/vc_column][\/vc_row][vc_row full_width=&#8221;stretch_row_content&#8221; equal_height=&#8221;yes&#8221; disable_element=&#8221;yes&#8221; css=&#8221;.vc_custom_1707142339026{margin-top: -80px !important;margin-bottom: 0px !important;padding-top: 0px !important;padding-bottom: 0px !important;background-color: #2c2c2c !important;}&#8221; woodmart_css_id=&#8221;65c0ecbb9a073&#8243; responsive_spacing=&#8221;eyJwYXJhbV90eXBlIjoid29vZG1hcnRfcmVzcG9uc2l2ZV9zcGFjaW5nIiwic2VsZWN0b3JfaWQiOiI2NWMwZWNiYjlhMDczIiwic2hvcnRjb2RlIjoidmNfcm93IiwiZGF0YSI6eyJ0YWJsZXQiOnt9LCJtb2JpbGUiOnt9fX0=&#8221; mobile_bg_img_hidden=&#8221;no&#8221; tablet_bg_img_hidden=&#8221;no&#8221; woodmart_parallax=&#8221;0&#8243; woodmart_gradient_switch=&#8221;no&#8221; row_reverse_mobile=&#8221;0&#8243; row_reverse_tablet=&#8221;0&#8243; woodmart_disable_overflow=&#8221;0&#8243; woodmart_box_shadow=&#8221;no&#8221; wd_z_index=&#8221;no&#8221;][vc_column width=&#8221;1\/2&#8243; woodmart_bg_position=&#8221;center-center&#8221; css=&#8221;.vc_custom_1706610893056{padding-top: 400px !important;padding-bottom: 950px !important;background-image: url(https:\/\/authline.ro\/page\/wp-content\/uploads\/2023\/12\/authline-office-space-9.jpg?id=9637) !important;background-position: center !important;background-repeat: no-repeat !important;background-size: cover !important;}&#8221; woodmart_css_id=&#8221;65b8d0c4a7129&#8243; responsive_spacing=&#8221;eyJwYXJhbV90eXBlIjoid29vZG1hcnRfcmVzcG9uc2l2ZV9zcGFjaW5nIiwic2VsZWN0b3JfaWQiOiI2NWI4ZDBjNGE3MTI5Iiwic2hvcnRjb2RlIjoidmNfY29sdW1uIiwiZGF0YSI6eyJ0YWJsZXQiOnt9LCJtb2JpbGUiOnsicGFkZGluZy10b3AiOiIzMDBweCIsInBhZGRpbmctYm90dG9tIjoiNDAwcHgifX19&#8243; parallax_scroll=&#8221;no&#8221; mobile_bg_img_hidden=&#8221;no&#8221; tablet_bg_img_hidden=&#8221;no&#8221; woodmart_parallax=&#8221;0&#8243; woodmart_sticky_column=&#8221;false&#8221; mobile_reset_margin=&#8221;no&#8221; tablet_reset_margin=&#8221;no&#8221; wd_collapsible_content_switcher=&#8221;no&#8221; wd_column_role_offcanvas_desktop=&#8221;no&#8221; wd_column_role_offcanvas_tablet=&#8221;no&#8221; wd_column_role_offcanvas_mobile=&#8221;no&#8221; wd_column_role_content_desktop=&#8221;no&#8221; wd_column_role_content_tablet=&#8221;no&#8221; wd_column_role_content_mobile=&#8221;no&#8221; woodmart_box_shadow=&#8221;no&#8221; wd_z_index=&#8221;no&#8221;][\/vc_column][vc_column width=&#8221;1\/2&#8243; css=&#8221;.vc_custom_1706610873057{padding-top: 50px !important;padding-right: 5% !important;padding-bottom: 0px !important;padding-left: 5% !important;}&#8221; woodmart_css_id=&#8221;65b8d074083ec&#8221; responsive_spacing=&#8221;eyJwYXJhbV90eXBlIjoid29vZG1hcnRfcmVzcG9uc2l2ZV9zcGFjaW5nIiwic2VsZWN0b3JfaWQiOiI2NWI4ZDA3NDA4M2VjIiwic2hvcnRjb2RlIjoidmNfY29sdW1uIiwiZGF0YSI6eyJ0YWJsZXQiOnt9LCJtb2JpbGUiOnsicGFkZGluZy10b3AiOiI0MHB4IiwicGFkZGluZy1yaWdodCI6IjclIiwicGFkZGluZy1ib3R0b20iOiIxNXB4IiwicGFkZGluZy1sZWZ0IjoiNyUifX19&#8243; parallax_scroll=&#8221;no&#8221; mobile_bg_img_hidden=&#8221;no&#8221; tablet_bg_img_hidden=&#8221;no&#8221; woodmart_parallax=&#8221;0&#8243; woodmart_sticky_column=&#8221;false&#8221; mobile_reset_margin=&#8221;no&#8221; tablet_reset_margin=&#8221;no&#8221; wd_collapsible_content_switcher=&#8221;no&#8221; wd_column_role_offcanvas_desktop=&#8221;no&#8221; wd_column_role_offcanvas_tablet=&#8221;no&#8221; wd_column_role_offcanvas_mobile=&#8221;no&#8221; wd_column_role_content_desktop=&#8221;no&#8221; wd_column_role_content_tablet=&#8221;no&#8221; wd_column_role_content_mobile=&#8221;no&#8221; woodmart_box_shadow=&#8221;no&#8221; wd_z_index=&#8221;no&#8221;]\n\t\t<div id=\"wd-65a61fe9051fc\" class=\"title-wrapper wd-wpb set-mb-s reset-last-child  wd-rs-65a61fe9051fc wd-title-color-default wd-title-style-default text-left vc_custom_1705385969410 wd-width-custom wd-underline-colored\">\n\t\t\t\n\t\t\t<div class=\"liner-continer\">\n\t\t\t\t<h4 class=\"woodmart-title-container title  wd-font-weight- wd-fontsize-l\" >FULL-SERVICE<br \/>\nARCHITECTURE &amp; DESIGN<\/h4>\n\t\t\t\t\t\t\t<\/div>\n\t\t\t\n\t\t\t\n\t\t\t\n\t\t<\/div>\n\t\t\n\t\t\t\t<div id=\"wd-65b8d05c31f4e\" class=\"wd-text-block wd-wpb reset-last-child wd-rs-65b8d05c31f4e text-left color-scheme-light \">\n\t\t\t<p style=\"text-align: justify;\">Minimalist in aesthetic yet timeless in character, our design incorporates the strength of our core elements, detailed in our Manifesto. Our five signature collections ensure every Hyped residence boosts its value through design and becomes a source of elevation and self-definition.<\/p>\n<p style=\"text-align: justify;\">Minimalist in aesthetic yet timeless in character, our design incorporates the strength of our core elements, detailed in our Manifesto. Our five signature collections ensure every Hyped residence boosts its value through design and becomes a source of elevation and self-definition.<\/p>\n<p style=\"text-align: justify;\">Minimalist in aesthetic yet timeless in character, our design incorporates the strength of our core elements, detailed in our Manifesto. Our five signature collections ensure every Hyped residence boosts its value through design and becomes a source of elevation and self-definition.<\/p>\n<p style=\"text-align: justify;\">Minimalist in aesthetic yet timeless in character, our design incorporates the strength of our core elements, detailed in our Manifesto. Our five signature collections ensure every Hyped residence boosts its value through design and becomes a source of elevation and self-definition.<\/p>\n\t\t<\/div>\n\t\t[\/vc_column][\/vc_row]<\/p>\n<\/div>","protected":false},"excerpt":{"rendered":"<p>[vc_row full_width=&#8221;stretch_row_content_no_spaces&#8221; equal_height=&#8221;yes&#8221; content_placement=&#8221;middle&#8221; woodmart_stretch_content=&#8221;section-stretch-content-no-pd&#8221; css=&#8221;.vc_custom_1709241509663{margin-top: 10px !important;margin-bottom: 0px !important;padding-top: 0px !important;padding-bottom: 0px !important;background-color: #2c2c2c !important;}&#8221; woodmart_css_id=&#8221;65e0f4a16a4ac&#8221; responsive_spacing=&#8221;eyJwYXJhbV90eXBlIjoid29vZG1hcnRfcmVzcG9uc2l2ZV9zcGFjaW5nIiwic2VsZWN0b3JfaWQiOiI2NWUwZjRhMTZhNGFjIiwic2hvcnRjb2RlIjoidmNfcm93IiwiZGF0YSI6eyJ0YWJsZXQiOnt9LCJtb2JpbGUiOnt9fX0=&#8221; mobile_bg_img_hidden=&#8221;no&#8221; tablet_bg_img_hidden=&#8221;no&#8221;<\/p>\n","protected":false},"author":1,"featured_media":0,"parent":0,"menu_order":0,"comment_status":"closed","ping_status":"closed","template":"","meta":{"footnotes":""},"class_list":["post-10105","page","type-page","status-publish","hentry"],"_links":{"self":[{"href":"https:\/\/authline.ro\/page\/wp-json\/wp\/v2\/pages\/10105","targetHints":{"allow":["GET"]}}],"collection":[{"href":"https:\/\/authline.ro\/page\/wp-json\/wp\/v2\/pages"}],"about":[{"href":"https:\/\/authline.ro\/page\/wp-json\/wp\/v2\/types\/page"}],"author":[{"embeddable":true,"href":"https:\/\/authline.ro\/page\/wp-json\/wp\/v2\/users\/1"}],"replies":[{"embeddable":true,"href":"https:\/\/authline.ro\/page\/wp-json\/wp\/v2\/comments?post=10105"}],"version-history":[{"count":38,"href":"https:\/\/authline.ro\/page\/wp-json\/wp\/v2\/pages\/10105\/revisions"}],"predecessor-version":[{"id":12256,"href":"https:\/\/authline.ro\/page\/wp-json\/wp\/v2\/pages\/10105\/revisions\/12256"}],"wp:attachment":[{"href":"https:\/\/authline.ro\/page\/wp-json\/wp\/v2\/media?parent=10105"}],"curies":[{"name":"wp","href":"https:\/\/api.w.org\/{rel}","templated":true}]}}